{"id":6471,"date":"2021-05-06T04:21:20","date_gmt":"2021-05-06T04:21:20","guid":{"rendered":"https:\/\/wpsites.agenciakerno.com.br\/ear-site\/cafeteria\/"},"modified":"2023-03-23T18:12:51","modified_gmt":"2023-03-23T18:12:51","slug":"cafeteria","status":"publish","type":"page","link":"https:\/\/ear.com.br\/pt-br\/community\/family\/cafeteria\/","title":{"rendered":"Cafeteria"},"content":{"rendered":"\t\t<div data-elementor-type=\"wp-page\" data-elementor-id=\"6471\" class=\"elementor elementor-6471 elementor-4259\">\n\t\t\t\t\t\t\t\t\t<section data-dce-background-color=\"#F7F7F7\" data-dce-background-overlay-color=\"#000000\" data-dce-background-image-url=\"https:\/\/ear.com.br\/wp-content\/uploads\/2021\/12\/header-cafeteria.jpg\" class=\"elementor-section elementor-top-section elementor-element elementor-element-adb16dc elementor-section-height-min-height elementor-section-boxed elementor-section-height-default elementor-section-items-middle\" data-id=\"adb16dc\" data-element_type=\"section\" data-settings=\"{&quot;jet_parallax_layout_list&quot;:[{&quot;jet_parallax_layout_image&quot;:{&quot;url&quot;:&quot;&quot;,&quot;id&quot;:&quot;&quot;},&quot;_id&quot;:&quot;3409c09&quot;,&quot;jet_parallax_layout_image_tablet&quot;:{&quot;url&quot;:&quot;&quot;,&quot;id&quot;:&quot;&quot;},&quot;jet_parallax_layout_image_mobile&quot;:{&quot;url&quot;:&quot;&quot;,&quot;id&quot;:&quot;&quot;},&quot;jet_parallax_layout_speed&quot;:{&quot;unit&quot;:&quot;%&quot;,&quot;size&quot;:50,&quot;sizes&quot;:[]},&quot;jet_parallax_layout_type&quot;:&quot;scroll&quot;,&quot;jet_parallax_layout_direction&quot;:null,&quot;jet_parallax_layout_fx_direction&quot;:null,&quot;jet_parallax_layout_z_index&quot;:&quot;&quot;,&quot;jet_parallax_layout_bg_x&quot;:50,&quot;jet_parallax_layout_bg_x_tablet&quot;:&quot;&quot;,&quot;jet_parallax_layout_bg_x_mobile&quot;:&quot;&quot;,&quot;jet_parallax_layout_bg_y&quot;:50,&quot;jet_parallax_layout_bg_y_tablet&quot;:&quot;&quot;,&quot;jet_parallax_layout_bg_y_mobile&quot;:&quot;&quot;,&quot;jet_parallax_layout_bg_size&quot;:&quot;auto&quot;,&quot;jet_parallax_layout_bg_size_tablet&quot;:&quot;&quot;,&quot;jet_parallax_layout_bg_size_mobile&quot;:&quot;&quot;,&quot;jet_parallax_layout_animation_prop&quot;:&quot;transform&quot;,&quot;jet_parallax_layout_on&quot;:[&quot;desktop&quot;,&quot;tablet&quot;]}],&quot;background_background&quot;:&quot;classic&quot;}\">\n\t\t\t\t\t\t\t<div class=\"elementor-background-overlay\"><\/div>\n\t\t\t\t\t\t\t<div class=\"elementor-container elementor-column-gap-no\">\n\t\t\t\t\t<div class=\"elementor-column elementor-col-50 elementor-top-column elementor-element elementor-element-a5a48de\" data-id=\"a5a48de\" data-element_type=\"column\">\n\t\t\t<div class=\"elementor-widget-wrap elementor-element-populated\">\n\t\t\t\t\t\t\t\t<div class=\"elementor-element elementor-element-5922445c elementor-widget elementor-widget-heading\" data-id=\"5922445c\" data-element_type=\"widget\" data-widget_type=\"heading.default\">\n\t\t\t\t<div class=\"elementor-widget-container\">\n\t\t\t<h1 class=\"elementor-heading-title elementor-size-default\">O alimento \u00e9 uma parte importante de uma dieta equilibrada<\/h1>\t\t<\/div>\n\t\t\t\t<\/div>\n\t\t\t\t<div class=\"elementor-element elementor-element-ce2e098 elementor-widget-divider--view-line elementor-widget elementor-widget-divider\" data-id=\"ce2e098\" data-element_type=\"widget\" data-widget_type=\"divider.default\">\n\t\t\t\t<div class=\"elementor-widget-container\">\n\t\t\t\t\t<div class=\"elementor-divider\">\n\t\t\t<span class=\"elementor-divider-separator\">\n\t\t\t\t\t\t<\/span>\n\t\t<\/div>\n\t\t\t\t<\/div>\n\t\t\t\t<\/div>\n\t\t\t\t\t<\/div>\n\t\t<\/div>\n\t\t\t\t<div class=\"elementor-column elementor-col-50 elementor-top-column elementor-element elementor-element-252e025\" data-id=\"252e025\" data-element_type=\"column\">\n\t\t\t<div class=\"elementor-widget-wrap\">\n\t\t\t\t\t\t\t\t\t<\/div>\n\t\t<\/div>\n\t\t\t\t\t\t\t<\/div>\n\t\t<\/section>\n\t\t\t\t<section class=\"elementor-section elementor-top-section elementor-element elementor-element-7897805f elementor-section-stretched elementor-section-boxed elementor-section-height-default elementor-section-height-default\" data-id=\"7897805f\" data-element_type=\"section\" data-settings=\"{&quot;stretch_section&quot;:&quot;section-stretched&quot;,&quot;jet_parallax_layout_list&quot;:[{&quot;jet_parallax_layout_image&quot;:{&quot;url&quot;:&quot;&quot;,&quot;id&quot;:&quot;&quot;},&quot;_id&quot;:&quot;b293334&quot;,&quot;jet_parallax_layout_image_tablet&quot;:{&quot;url&quot;:&quot;&quot;,&quot;id&quot;:&quot;&quot;},&quot;jet_parallax_layout_image_mobile&quot;:{&quot;url&quot;:&quot;&quot;,&quot;id&quot;:&quot;&quot;},&quot;jet_parallax_layout_speed&quot;:{&quot;unit&quot;:&quot;%&quot;,&quot;size&quot;:50,&quot;sizes&quot;:[]},&quot;jet_parallax_layout_type&quot;:&quot;scroll&quot;,&quot;jet_parallax_layout_direction&quot;:null,&quot;jet_parallax_layout_fx_direction&quot;:null,&quot;jet_parallax_layout_z_index&quot;:&quot;&quot;,&quot;jet_parallax_layout_bg_x&quot;:50,&quot;jet_parallax_layout_bg_x_tablet&quot;:&quot;&quot;,&quot;jet_parallax_layout_bg_x_mobile&quot;:&quot;&quot;,&quot;jet_parallax_layout_bg_y&quot;:50,&quot;jet_parallax_layout_bg_y_tablet&quot;:&quot;&quot;,&quot;jet_parallax_layout_bg_y_mobile&quot;:&quot;&quot;,&quot;jet_parallax_layout_bg_size&quot;:&quot;auto&quot;,&quot;jet_parallax_layout_bg_size_tablet&quot;:&quot;&quot;,&quot;jet_parallax_layout_bg_size_mobile&quot;:&quot;&quot;,&quot;jet_parallax_layout_animation_prop&quot;:&quot;transform&quot;,&quot;jet_parallax_layout_on&quot;:[&quot;desktop&quot;,&quot;tablet&quot;]}]}\">\n\t\t\t\t\t\t<div class=\"elementor-container elementor-column-gap-no\">\n\t\t\t\t\t<div class=\"elementor-column elementor-col-100 elementor-top-column elementor-element elementor-element-4ad8d9ff\" data-id=\"4ad8d9ff\" data-element_type=\"column\">\n\t\t\t<div class=\"elementor-widget-wrap elementor-element-populated\">\n\t\t\t\t\t\t\t\t<div class=\"elementor-element elementor-element-124aec13 elementor-widget elementor-widget-text-editor\" data-id=\"124aec13\" data-element_type=\"widget\" data-widget_type=\"text-editor.default\">\n\t\t\t\t<div class=\"elementor-widget-container\">\n\t\t\t\t\t\t\t<p>O servi\u00e7o de alimenta\u00e7\u00e3o \u00e9 opcional e contratado individualmente entre os pais e a empresa terceirizada. A Nutri Food Care \u00e9 a respons\u00e1vel pela cantina da EAR desde 2003, Andrea Brol Leal \u00e9 a respons\u00e1vel pela empresa e \u00e9 f\u00e1cil encontr\u00e1-la na cantina durante o hor\u00e1rio escolar. O card\u00e1pio \u00e9 elaborado por nutricionistas devidamente capacitadas e todos os processos produtivos seguem todas as normas determinadas pela ANVISA.<\/p><p>A EAR disp\u00f5e da Cantina Principal que atende os funcion\u00e1rios e alunos do 1\u00ba ao 12\u00ba ano e a Cantina do ECC adaptada aos alunos do Nursery ao Kindergarten.<\/p><p>A Nutri tamb\u00e9m oferece servi\u00e7os de catering para eventos especiais e delivery. Seguindo as regras de sa\u00fade e higiene implantadas durante a Pandemia, os pais tamb\u00e9m podem fazer o pedido atrav\u00e9s do WhatsApp que os funcion\u00e1rios da Nutri entregam o pedido na sala com toda a seguran\u00e7a.<\/p><p>O refeit\u00f3rio funciona de segunda a sexta-feira, das 7h00 \u00e0s 15h00. Os card\u00e1pios semanais s\u00e3o publicados aqui, no site da escola, e tamb\u00e9m postados nos perfis Nutri e EAR no Instagram.<\/p><p>N\u00f3s pedimos aos pais que entrem em contato diretamente com a Nutri para fazer o seu cadastro e assim gerenciar sua conta com a cantina.<\/p><p><img loading=\"lazy\" decoding=\"async\" class=\"alignnone wp-image-11512\" src=\"https:\/\/uat.ear.com.br\/wp-content\/uploads\/2021\/12\/nutri_padrao_transp-300x170.png\" alt=\"\" width=\"213\" height=\"121\" srcset=\"https:\/\/ear.com.br\/wp-content\/uploads\/2021\/12\/nutri_padrao_transp-300x170.png 300w, https:\/\/ear.com.br\/wp-content\/uploads\/2021\/12\/nutri_padrao_transp-1024x582.png 1024w, https:\/\/ear.com.br\/wp-content\/uploads\/2021\/12\/nutri_padrao_transp-768x436.png 768w, https:\/\/ear.com.br\/wp-content\/uploads\/2021\/12\/nutri_padrao_transp-1536x873.png 1536w, https:\/\/ear.com.br\/wp-content\/uploads\/2021\/12\/nutri_padrao_transp-2048x1164.png 2048w, https:\/\/ear.com.br\/wp-content\/uploads\/2021\/12\/nutri_padrao_transp-150x85.png 150w, https:\/\/ear.com.br\/wp-content\/uploads\/2021\/12\/nutri_padrao_transp-1920x1080.png 1920w, https:\/\/ear.com.br\/wp-content\/uploads\/2021\/12\/nutri_padrao_transp-600x341.png 600w\" sizes=\"auto, (max-width: 213px) 100vw, 213px\" \/><\/p><p><img loading=\"lazy\" decoding=\"async\" class=\"alignnone wp-image-11515\" src=\"https:\/\/ear.com.br\/wp-content\/uploads\/2021\/12\/instagram-icon-2.png\" alt=\"\" width=\"50\" height=\"50\" \/> <a href=\"https:\/\/www.instagram.com\/nutrifoodcare\" target=\"_blank\" rel=\"noopener\">@nutrifoodcare<\/a><\/p><p>Para outras informa\u00e7\u00f5es, ligue 81-99672-8606 ou envie um e-mail para <a href=\"mailto:nutri.ear@nutrifoodcare.com.br\">nutri.ear@nutrifoodcare.com.br<\/a><br \/>Se voc\u00ea tiver alguma d\u00favida, preocupa\u00e7\u00e3o ou sugest\u00e3o, entre em contato com a administra\u00e7\u00e3o da EAR.<\/p>\t\t\t\t\t\t<\/div>\n\t\t\t\t<\/div>\n\t\t\t\t\t<\/div>\n\t\t<\/div>\n\t\t\t\t\t\t\t<\/div>\n\t\t<\/section>\n\t\t\t\t\t\t\t<\/div>\n\t\t","protected":false},"excerpt":{"rendered":"<p>O alimento \u00e9 uma parte importante de uma dieta equilibrada O servi\u00e7o de alimenta\u00e7\u00e3o \u00e9 opcional e contratado individualmente entre os pais e a empresa terceirizada. A Nutri Food Care [&hellip;]<\/p>\n","protected":false},"author":1,"featured_media":0,"parent":6474,"menu_order":0,"comment_status":"closed","ping_status":"closed","template":"elementor_header_footer","meta":{"footnotes":""},"class_list":["post-6471","page","type-page","status-publish","hentry"],"_links":{"self":[{"href":"https:\/\/ear.com.br\/pt-br\/wp-json\/wp\/v2\/pages\/6471","targetHints":{"allow":["GET"]}}],"collection":[{"href":"https:\/\/ear.com.br\/pt-br\/wp-json\/wp\/v2\/pages"}],"about":[{"href":"https:\/\/ear.com.br\/pt-br\/wp-json\/wp\/v2\/types\/page"}],"author":[{"embeddable":true,"href":"https:\/\/ear.com.br\/pt-br\/wp-json\/wp\/v2\/users\/1"}],"replies":[{"embeddable":true,"href":"https:\/\/ear.com.br\/pt-br\/wp-json\/wp\/v2\/comments?post=6471"}],"version-history":[{"count":19,"href":"https:\/\/ear.com.br\/pt-br\/wp-json\/wp\/v2\/pages\/6471\/revisions"}],"predecessor-version":[{"id":21009,"href":"https:\/\/ear.com.br\/pt-br\/wp-json\/wp\/v2\/pages\/6471\/revisions\/21009"}],"up":[{"embeddable":true,"href":"https:\/\/ear.com.br\/pt-br\/wp-json\/wp\/v2\/pages\/6474"}],"wp:attachment":[{"href":"https:\/\/ear.com.br\/pt-br\/wp-json\/wp\/v2\/media?parent=6471"}],"curies":[{"name":"wp","href":"https:\/\/api.w.org\/{rel}","templated":true}]}}