{"id":6519,"date":"2021-04-19T03:38:10","date_gmt":"2021-04-19T03:38:10","guid":{"rendered":"https:\/\/wpsites.agenciakerno.com.br\/ear-site\/ap-courses\/"},"modified":"2023-04-13T18:03:59","modified_gmt":"2023-04-13T18:03:59","slug":"ap-courses","status":"publish","type":"page","link":"https:\/\/ear.com.br\/pt-br\/learning\/secondary-school\/ap-courses\/","title":{"rendered":"AP Courses"},"content":{"rendered":"\t\t<div data-elementor-type=\"wp-page\" data-elementor-id=\"6519\" class=\"elementor elementor-6519 elementor-3636\">\n\t\t\t\t\t\t\t\t\t<section data-dce-background-color=\"#F7F7F7\" data-dce-background-image-url=\"https:\/\/ear.com.br\/wp-content\/uploads\/2023\/04\/03.3.6-head-secondary-ap-courses.jpg\" class=\"elementor-section elementor-top-section elementor-element elementor-element-2c4ce0e elementor-section-height-min-height elementor-section-boxed elementor-section-height-default elementor-section-items-middle\" data-id=\"2c4ce0e\" data-element_type=\"section\" data-settings=\"{&quot;jet_parallax_layout_list&quot;:[{&quot;jet_parallax_layout_image&quot;:{&quot;url&quot;:&quot;&quot;,&quot;id&quot;:&quot;&quot;},&quot;_id&quot;:&quot;3409c09&quot;,&quot;jet_parallax_layout_image_tablet&quot;:{&quot;url&quot;:&quot;&quot;,&quot;id&quot;:&quot;&quot;},&quot;jet_parallax_layout_image_mobile&quot;:{&quot;url&quot;:&quot;&quot;,&quot;id&quot;:&quot;&quot;},&quot;jet_parallax_layout_speed&quot;:{&quot;unit&quot;:&quot;%&quot;,&quot;size&quot;:50,&quot;sizes&quot;:[]},&quot;jet_parallax_layout_type&quot;:&quot;scroll&quot;,&quot;jet_parallax_layout_direction&quot;:null,&quot;jet_parallax_layout_fx_direction&quot;:null,&quot;jet_parallax_layout_z_index&quot;:&quot;&quot;,&quot;jet_parallax_layout_bg_x&quot;:50,&quot;jet_parallax_layout_bg_x_tablet&quot;:&quot;&quot;,&quot;jet_parallax_layout_bg_x_mobile&quot;:&quot;&quot;,&quot;jet_parallax_layout_bg_y&quot;:50,&quot;jet_parallax_layout_bg_y_tablet&quot;:&quot;&quot;,&quot;jet_parallax_layout_bg_y_mobile&quot;:&quot;&quot;,&quot;jet_parallax_layout_bg_size&quot;:&quot;auto&quot;,&quot;jet_parallax_layout_bg_size_tablet&quot;:&quot;&quot;,&quot;jet_parallax_layout_bg_size_mobile&quot;:&quot;&quot;,&quot;jet_parallax_layout_animation_prop&quot;:&quot;transform&quot;,&quot;jet_parallax_layout_on&quot;:[&quot;desktop&quot;,&quot;tablet&quot;]}],&quot;background_background&quot;:&quot;classic&quot;}\">\n\t\t\t\t\t\t\t<div class=\"elementor-background-overlay\"><\/div>\n\t\t\t\t\t\t\t<div class=\"elementor-container elementor-column-gap-no\">\n\t\t\t\t\t<div class=\"elementor-column elementor-col-50 elementor-top-column elementor-element elementor-element-6d95a37\" data-id=\"6d95a37\" data-element_type=\"column\">\n\t\t\t<div class=\"elementor-widget-wrap elementor-element-populated\">\n\t\t\t\t\t\t\t\t<div class=\"elementor-element elementor-element-7e485c7 elementor-widget elementor-widget-heading\" data-id=\"7e485c7\" data-element_type=\"widget\" data-widget_type=\"heading.default\">\n\t\t\t\t<div class=\"elementor-widget-container\">\n\t\t\t<h1 class=\"elementor-heading-title elementor-size-default\"> Seu futuro eu os agradecer\u00e1 no futuro.<\/h1>\t\t<\/div>\n\t\t\t\t<\/div>\n\t\t\t\t<div class=\"elementor-element elementor-element-35ccc04 elementor-widget-divider--view-line elementor-widget elementor-widget-divider\" data-id=\"35ccc04\" data-element_type=\"widget\" data-widget_type=\"divider.default\">\n\t\t\t\t<div class=\"elementor-widget-container\">\n\t\t\t\t\t<div class=\"elementor-divider\">\n\t\t\t<span class=\"elementor-divider-separator\">\n\t\t\t\t\t\t<\/span>\n\t\t<\/div>\n\t\t\t\t<\/div>\n\t\t\t\t<\/div>\n\t\t\t\t<div class=\"elementor-element elementor-element-e164175 elementor-widget elementor-widget-text-editor\" data-id=\"e164175\" data-element_type=\"widget\" data-widget_type=\"text-editor.default\">\n\t\t\t\t<div class=\"elementor-widget-container\">\n\t\t\t\t\t\t\t<p><em>As turmas de AP<\/em> podem aumentar seu GPA e fortalecer sua aplica\u00e7\u00e3o na faculdade.<\/p>\n\t\t\t\t\t\t<\/div>\n\t\t\t\t<\/div>\n\t\t\t\t\t<\/div>\n\t\t<\/div>\n\t\t\t\t<div class=\"elementor-column elementor-col-50 elementor-top-column elementor-element elementor-element-ab9ffaf\" data-id=\"ab9ffaf\" data-element_type=\"column\">\n\t\t\t<div class=\"elementor-widget-wrap\">\n\t\t\t\t\t\t\t\t\t<\/div>\n\t\t<\/div>\n\t\t\t\t\t\t\t<\/div>\n\t\t<\/section>\n\t\t\t\t<section class=\"elementor-section elementor-top-section elementor-element elementor-element-430dadf6 elementor-section-stretched elementor-section-boxed elementor-section-height-default elementor-section-height-default\" data-id=\"430dadf6\" data-element_type=\"section\" data-settings=\"{&quot;stretch_section&quot;:&quot;section-stretched&quot;,&quot;jet_parallax_layout_list&quot;:[{&quot;jet_parallax_layout_image&quot;:{&quot;url&quot;:&quot;&quot;,&quot;id&quot;:&quot;&quot;},&quot;_id&quot;:&quot;b293334&quot;,&quot;jet_parallax_layout_image_tablet&quot;:{&quot;url&quot;:&quot;&quot;,&quot;id&quot;:&quot;&quot;},&quot;jet_parallax_layout_image_mobile&quot;:{&quot;url&quot;:&quot;&quot;,&quot;id&quot;:&quot;&quot;},&quot;jet_parallax_layout_speed&quot;:{&quot;unit&quot;:&quot;%&quot;,&quot;size&quot;:50,&quot;sizes&quot;:[]},&quot;jet_parallax_layout_type&quot;:&quot;scroll&quot;,&quot;jet_parallax_layout_direction&quot;:null,&quot;jet_parallax_layout_fx_direction&quot;:null,&quot;jet_parallax_layout_z_index&quot;:&quot;&quot;,&quot;jet_parallax_layout_bg_x&quot;:50,&quot;jet_parallax_layout_bg_x_tablet&quot;:&quot;&quot;,&quot;jet_parallax_layout_bg_x_mobile&quot;:&quot;&quot;,&quot;jet_parallax_layout_bg_y&quot;:50,&quot;jet_parallax_layout_bg_y_tablet&quot;:&quot;&quot;,&quot;jet_parallax_layout_bg_y_mobile&quot;:&quot;&quot;,&quot;jet_parallax_layout_bg_size&quot;:&quot;auto&quot;,&quot;jet_parallax_layout_bg_size_tablet&quot;:&quot;&quot;,&quot;jet_parallax_layout_bg_size_mobile&quot;:&quot;&quot;,&quot;jet_parallax_layout_animation_prop&quot;:&quot;transform&quot;,&quot;jet_parallax_layout_on&quot;:[&quot;desktop&quot;,&quot;tablet&quot;]}]}\">\n\t\t\t\t\t\t<div class=\"elementor-container elementor-column-gap-no\">\n\t\t\t\t\t<div class=\"elementor-column elementor-col-100 elementor-top-column elementor-element elementor-element-49ca5f80\" data-id=\"49ca5f80\" data-element_type=\"column\">\n\t\t\t<div class=\"elementor-widget-wrap elementor-element-populated\">\n\t\t\t\t\t\t\t\t<div class=\"elementor-element elementor-element-2dc21982 elementor-widget elementor-widget-text-editor\" data-id=\"2dc21982\" data-element_type=\"widget\" data-widget_type=\"text-editor.default\">\n\t\t\t\t<div class=\"elementor-widget-container\">\n\t\t\t\t\t\t\t<p><b><a href=\"https:\/\/ap.collegeboard.org\/\" target=\"_blank\" rel=\"noopener\"><img loading=\"lazy\" decoding=\"async\" class=\"size-medium wp-image-5811 alignright\" src=\"https:\/\/wpsites.agenciakerno.com.br\/ear-site\/wp-content\/uploads\/2021\/07\/4.6.2-AP-Course-logo-300x96.png\" alt=\"\" width=\"300\" height=\"96\" srcset=\"https:\/\/ear.com.br\/wp-content\/uploads\/2021\/07\/4.6.2-AP-Course-logo-300x96.png 300w, https:\/\/ear.com.br\/wp-content\/uploads\/2021\/07\/4.6.2-AP-Course-logo-600x191.png 600w, https:\/\/ear.com.br\/wp-content\/uploads\/2021\/07\/4.6.2-AP-Course-logo.png 618w\" sizes=\"auto, (max-width: 300px) 100vw, 300px\" \/><\/a>AP College Board<\/b><\/p>\n<p><span style=\"font-weight: 400;\">Na EAR, oferecemos aos alunos a oportunidade de estudar e participar de cursos de Coloca\u00e7\u00e3o Avan\u00e7ada (AP) aprovados pelo AP College Board nos Estados Unidos. Esses cursos rigorosos permitem que os alunos participem de cursos de n\u00edvel universit\u00e1rio nos anos 1.\u00ba, 2.\u00ba e 3.\u00ba do Ensino M\u00e9dio enquanto frequentam as aulas normais na EAR. Os alunos que optam por participar desses cursos, t\u00eam a oportunidade de ganhar cr\u00e9ditos universit\u00e1rios. <\/span><\/p>\n<p><span style=\"font-weight: 400;\">Alunos do High School em todo mundo fazem cursos e exames AP para desafiar a si mesmos, explorar seus interesses e obter cr\u00e9dito e vaga em faculdades. Fazer os cursos de AP pode ajudar a construir o curr\u00edculo do aluno na faculdade e ser competitivo no processo de aplica\u00e7\u00e3o para a faculdade. Esses cursos oferecem aos alunos uma amostra do n\u00edvel universit\u00e1rio, ao mesmo tempo que desenvolvem as habilidades acad\u00eamicas que os alunos precisam para ter sucesso na faculdade. <\/span><\/p>\n<p><span style=\"font-weight: 400;\">Cada curso AP tem um exame, portf\u00f3lio ou projetos somativos que s\u00e3o pontuados para avaliar o aprendizado do conte\u00fado de cada aluno e as habilidades espec\u00edficas da disciplina. As pontua\u00e7\u00f5es do Exame AP, podem dar aos alunos cr\u00e9ditos universit\u00e1rios antes mesmo de colocarem o p\u00e9 em um campus universit\u00e1rio. Algumas universidades permitem que os alunos pulem os cursos introdut\u00f3rios da faculdade com base nos m\u00e9ritos e realiza\u00e7\u00f5es em seus cursos AP. <\/span><\/p>\n<p><span style=\"font-weight: 400;\">A EAR oferece cursos AP em Arte da L\u00edngua Inglesa, Matem\u00e1tica, Ci\u00eancia, L\u00ednguas Mundiais (Franc\u00eas e Espanhol), Est\u00fadio de Artes e Ci\u00eancia da Computa\u00e7\u00e3o. As cargas de trabalho nesses cursos exigem bastante. O departamento de orienta\u00e7\u00e3o da EAR trabalha em estreita colabora\u00e7\u00e3o com alunos e fam\u00edlias para gerenciar, apoiar e oferecer recomenda\u00e7\u00f5es dos cursos AP que melhor atendem \u00e0s necessidades de aprendizagem e desejos de cada aluno.<\/span><\/p>\n<p><b><img loading=\"lazy\" decoding=\"async\" class=\"alignright wp-image-5813 size-full\" src=\"https:\/\/uat.ear.com.br\/wp-content\/uploads\/2021\/07\/4.6.2-AP-Course-logo2.png\" alt=\"\" width=\"447\" height=\"246\" srcset=\"https:\/\/ear.com.br\/wp-content\/uploads\/2021\/07\/4.6.2-AP-Course-logo2.png 447w, https:\/\/ear.com.br\/wp-content\/uploads\/2021\/07\/4.6.2-AP-Course-logo2-300x165.png 300w\" sizes=\"auto, (max-width: 447px) 100vw, 447px\" \/>Diploma AP Capstone<\/b><span style=\"font-weight: 400;\"> <\/span><\/p>\n<p><span style=\"font-weight: 400;\">Na EAR, os alunos podem optar por obter um Diploma AP Capstone. Para conquistar o AP Capstone Diploma, o aluno deve completar 4 AP Courses and Exams com uma pontua\u00e7\u00e3o igual ou maior que 3, al\u00e9m de cursos orientados para pesquisa de dois anos (AP Seminar e AP Research). Este certificado altamente respeitado \u00e9 amplamente considerado como padr\u00e3o no desempenho acad\u00eamico do Ensino M\u00e9dio. Alunos que conquistam o Diploma AP Capstone&#8230; <\/span><\/p>\n<ul>\n<li style=\"font-weight: 400;\" aria-level=\"1\"><span style=\"font-weight: 400;\">S\u00e3o destaques nas faculdades no processo de aplica\u00e7\u00e3o.<\/span><\/li>\n<li style=\"font-weight: 400;\" aria-level=\"1\"><span style=\"font-weight: 400;\">Desenvolvem as principais habilidades acad\u00eamicas que usar\u00e3o na faculdade e adiante.<\/span><\/li>\n<li style=\"font-weight: 400;\" aria-level=\"1\"><span style=\"font-weight: 400;\">Tornam-se autoconfiantes e independentes pensadores e solucionadores de problemas.<\/span><\/li>\n<li style=\"font-weight: 400;\" aria-level=\"1\"><span style=\"font-weight: 400;\">Podem receber cr\u00e9dito adicional: muitas faculdades oferecem cr\u00e9ditos para pontua\u00e7\u00f5es qualificat\u00f3rias.<\/span><\/li>\n<\/ul>\n<p><b>EAR&#8217;s AP Course Offerings <\/b><\/p>\n\t\t\t\t\t\t<\/div>\n\t\t\t\t<\/div>\n\t\t\t\t<div class=\"elementor-element elementor-element-74019a9 elementor-widget elementor-widget-jet-table\" data-id=\"74019a9\" data-element_type=\"widget\" data-widget_type=\"jet-table.default\">\n\t\t\t\t<div class=\"elementor-widget-container\">\n\t\t\t<div class=\"elementor-jet-table jet-elements\">\n\t\t<div class=\"jet-table-wrapper\">\n\t\t\t<table class=\"jet-table jet-table--fa5-compat\">\n\t\t\t\t<thead class=\"jet-table__head\"><tr class=\"jet-table__head-row\"><th class=\"jet-table__cell elementor-repeater-item-1004494 jet-table__head-cell\" scope=\"col\"><div class=\"jet-table__cell-inner\"><div class=\"jet-table__cell-content\"><div class=\"jet-table__cell-text\">Ano (S\u00e9rie)<\/div><\/div><\/div><\/th><th class=\"jet-table__cell elementor-repeater-item-0f73b8d jet-table__head-cell\" scope=\"col\"><div class=\"jet-table__cell-inner\"><div class=\"jet-table__cell-content\"><div class=\"jet-table__cell-text\">Ofertas de cursos AP na EAR<\/div><\/div><\/div><\/th><\/tr><\/thead>\n\t\t\t\t\t\t\t\t<tbody class=\"jet-table__body\"><tr class=\"jet-table__body-row elementor-repeater-item-906e814\"><td class=\"jet-table__cell elementor-repeater-item-e1722f0 jet-table__body-cell\"><div class=\"jet-table__cell-inner\"><div class=\"jet-table__cell-content\"><div class=\"jet-table__cell-text\">10.\u00ba ano (1.\u00ba ano do Ensino M\u00e9dio)<\/div><\/div><\/div><\/td><td class=\"jet-table__cell elementor-repeater-item-f629091 jet-table__body-cell\"><div class=\"jet-table__cell-inner\"><div class=\"jet-table__cell-content\"><div class=\"jet-table__cell-text\">*AP Seminar<br>\nAP Chemistry<\/div><\/div><\/div><\/td><\/tr><tr class=\"jet-table__body-row elementor-repeater-item-e3ae630\"><td class=\"jet-table__cell elementor-repeater-item-681ebfc jet-table__body-cell\"><div class=\"jet-table__cell-inner\"><div class=\"jet-table__cell-content\"><div class=\"jet-table__cell-text\">11.\u00ba ano (2.\u00ba ano do Ensino M\u00e9dio)<\/div><\/div><\/div><\/td><td class=\"jet-table__cell elementor-repeater-item-76152ae jet-table__body-cell\"><div class=\"jet-table__cell-inner\"><div class=\"jet-table__cell-content\"><div class=\"jet-table__cell-text\">*AP Seminar<br>\nAP Biology<br>\nAP Language and Composition <br>\nAP French<br>\nAP Spanish<br>\nAP Computer Science<br>\nAP World History<br>\nAP Studio Art<\/div><\/div><\/div><\/td><\/tr><tr class=\"jet-table__body-row elementor-repeater-item-6ed910f\"><td class=\"jet-table__cell elementor-repeater-item-e52772d jet-table__body-cell\"><div class=\"jet-table__cell-inner\"><div class=\"jet-table__cell-content\"><div class=\"jet-table__cell-text\">12.\u00ba ano (3.\u00ba ano do Ensino M\u00e9dio)<\/div><\/div><\/div><\/td><td class=\"jet-table__cell elementor-repeater-item-2e9a505 jet-table__body-cell\"><div class=\"jet-table__cell-inner\"><div class=\"jet-table__cell-content\"><div class=\"jet-table__cell-text\">*AP Research<br>\nAP Physics<br>\nCalculus A\/B<br>\nAP French<br>\nAP Spanish<br>\nAP Computer Science<br>\nAP Human Geography<br>\nAP Studio Art<\/div><\/div><\/div><\/td><\/tr><\/tbody>\n\t\t\t<\/table>\n\t\t<\/div>\n\n\t\t<\/div>\t\t<\/div>\n\t\t\t\t<\/div>\n\t\t\t\t<div class=\"elementor-element elementor-element-b073753 elementor-widget elementor-widget-text-editor\" data-id=\"b073753\" data-element_type=\"widget\" data-widget_type=\"text-editor.default\">\n\t\t\t\t<div class=\"elementor-widget-container\">\n\t\t\t\t\t\t\t<p>Saiba mais sobre como ingressar em uma de nossas aulas de AP.<\/p>\n\t\t\t\t\t\t<\/div>\n\t\t\t\t<\/div>\n\t\t\t\t<div class=\"elementor-element elementor-element-e679dc9 elementor-widget elementor-widget-jet-button\" data-id=\"e679dc9\" data-element_type=\"widget\" data-widget_type=\"jet-button.default\">\n\t\t\t\t<div class=\"elementor-widget-container\">\n\t\t\t<div class=\"elementor-jet-button jet-elements\"><div class=\"jet-button__container\">\n\t<a class=\"jet-button__instance jet-button__instance--icon-left hover-effect-0\" href=\"mailto:secondary.office@ear.com.br\" target=\"_blank\">\n\t\t<div class=\"jet-button__plane jet-button__plane-normal\"><\/div>\n\t\t<div class=\"jet-button__plane jet-button__plane-hover\"><\/div>\n\t\t<div class=\"jet-button__state jet-button__state-normal\">\n\t\t\t<span class=\"jet-button__label\">Entre em contato<\/span>\t\t<\/div>\n\t\t<div class=\"jet-button__state jet-button__state-hover\">\n\t\t\t<span class=\"jet-button__label\">mensagem<\/span>\t\t<\/div>\n\t<\/a>\n<\/div>\n<\/div>\t\t<\/div>\n\t\t\t\t<\/div>\n\t\t\t\t\t<\/div>\n\t\t<\/div>\n\t\t\t\t\t\t\t<\/div>\n\t\t<\/section>\n\t\t\t\t\t\t\t<\/div>\n\t\t","protected":false},"excerpt":{"rendered":"<p>Seu futuro eu os agradecer\u00e1 no futuro. As turmas de AP podem aumentar seu GPA e fortalecer sua aplica\u00e7\u00e3o na faculdade. AP College Board Na EAR, oferecemos aos alunos a [&hellip;]<\/p>\n","protected":false},"author":1,"featured_media":0,"parent":6529,"menu_order":0,"comment_status":"closed","ping_status":"closed","template":"elementor_header_footer","meta":{"footnotes":""},"class_list":["post-6519","page","type-page","status-publish","hentry"],"_links":{"self":[{"href":"https:\/\/ear.com.br\/pt-br\/wp-json\/wp\/v2\/pages\/6519","targetHints":{"allow":["GET"]}}],"collection":[{"href":"https:\/\/ear.com.br\/pt-br\/wp-json\/wp\/v2\/pages"}],"about":[{"href":"https:\/\/ear.com.br\/pt-br\/wp-json\/wp\/v2\/types\/page"}],"author":[{"embeddable":true,"href":"https:\/\/ear.com.br\/pt-br\/wp-json\/wp\/v2\/users\/1"}],"replies":[{"embeddable":true,"href":"https:\/\/ear.com.br\/pt-br\/wp-json\/wp\/v2\/comments?post=6519"}],"version-history":[{"count":26,"href":"https:\/\/ear.com.br\/pt-br\/wp-json\/wp\/v2\/pages\/6519\/revisions"}],"predecessor-version":[{"id":21297,"href":"https:\/\/ear.com.br\/pt-br\/wp-json\/wp\/v2\/pages\/6519\/revisions\/21297"}],"up":[{"embeddable":true,"href":"https:\/\/ear.com.br\/pt-br\/wp-json\/wp\/v2\/pages\/6529"}],"wp:attachment":[{"href":"https:\/\/ear.com.br\/pt-br\/wp-json\/wp\/v2\/media?parent=6519"}],"curies":[{"name":"wp","href":"https:\/\/api.w.org\/{rel}","templated":true}]}}