{"id":6528,"date":"2021-04-06T20:41:02","date_gmt":"2021-04-06T20:41:02","guid":{"rendered":"https:\/\/wpsites.agenciakerno.com.br\/ear-site\/ss-technology\/"},"modified":"2022-11-17T21:31:51","modified_gmt":"2022-11-17T21:31:51","slug":"ss-technology","status":"publish","type":"page","link":"https:\/\/ear.com.br\/pt-br\/learning\/secondary-school\/ss-technology\/","title":{"rendered":"SS Technology"},"content":{"rendered":"\t\t<div data-elementor-type=\"wp-page\" data-elementor-id=\"6528\" class=\"elementor elementor-6528 elementor-3490\">\n\t\t\t\t\t\t\t\t\t<section data-dce-background-color=\"#F7F7F7\" data-dce-background-image-url=\"https:\/\/ear.com.br\/wp-content\/uploads\/2022\/02\/04-head-secondary-home-tech.jpg\" class=\"elementor-section elementor-top-section elementor-element elementor-element-a9e2b67 elementor-section-height-min-height elementor-section-boxed elementor-section-height-default elementor-section-items-middle\" data-id=\"a9e2b67\" data-element_type=\"section\" data-settings=\"{&quot;jet_parallax_layout_list&quot;:[{&quot;jet_parallax_layout_image&quot;:{&quot;url&quot;:&quot;&quot;,&quot;id&quot;:&quot;&quot;},&quot;_id&quot;:&quot;3409c09&quot;,&quot;jet_parallax_layout_image_tablet&quot;:{&quot;url&quot;:&quot;&quot;,&quot;id&quot;:&quot;&quot;},&quot;jet_parallax_layout_image_mobile&quot;:{&quot;url&quot;:&quot;&quot;,&quot;id&quot;:&quot;&quot;},&quot;jet_parallax_layout_speed&quot;:{&quot;unit&quot;:&quot;%&quot;,&quot;size&quot;:50,&quot;sizes&quot;:[]},&quot;jet_parallax_layout_type&quot;:&quot;scroll&quot;,&quot;jet_parallax_layout_direction&quot;:null,&quot;jet_parallax_layout_fx_direction&quot;:null,&quot;jet_parallax_layout_z_index&quot;:&quot;&quot;,&quot;jet_parallax_layout_bg_x&quot;:50,&quot;jet_parallax_layout_bg_x_tablet&quot;:&quot;&quot;,&quot;jet_parallax_layout_bg_x_mobile&quot;:&quot;&quot;,&quot;jet_parallax_layout_bg_y&quot;:50,&quot;jet_parallax_layout_bg_y_tablet&quot;:&quot;&quot;,&quot;jet_parallax_layout_bg_y_mobile&quot;:&quot;&quot;,&quot;jet_parallax_layout_bg_size&quot;:&quot;auto&quot;,&quot;jet_parallax_layout_bg_size_tablet&quot;:&quot;&quot;,&quot;jet_parallax_layout_bg_size_mobile&quot;:&quot;&quot;,&quot;jet_parallax_layout_animation_prop&quot;:&quot;transform&quot;,&quot;jet_parallax_layout_on&quot;:[&quot;desktop&quot;,&quot;tablet&quot;]}],&quot;background_background&quot;:&quot;classic&quot;}\">\n\t\t\t\t\t\t\t<div class=\"elementor-background-overlay\"><\/div>\n\t\t\t\t\t\t\t<div class=\"elementor-container elementor-column-gap-no\">\n\t\t\t\t\t<div class=\"elementor-column elementor-col-50 elementor-top-column elementor-element elementor-element-39c49ac\" data-id=\"39c49ac\" data-element_type=\"column\">\n\t\t\t<div class=\"elementor-widget-wrap elementor-element-populated\">\n\t\t\t\t\t\t\t\t<div class=\"elementor-element elementor-element-90140c0 elementor-widget elementor-widget-heading\" data-id=\"90140c0\" data-element_type=\"widget\" data-widget_type=\"heading.default\">\n\t\t\t\t<div class=\"elementor-widget-container\">\n\t\t\t<h1 class=\"elementor-heading-title elementor-size-default\">Powered by Intellect Driven by Values<\/h1>\t\t<\/div>\n\t\t\t\t<\/div>\n\t\t\t\t<div class=\"elementor-element elementor-element-7bf15ba elementor-widget-divider--view-line elementor-widget elementor-widget-divider\" data-id=\"7bf15ba\" data-element_type=\"widget\" data-widget_type=\"divider.default\">\n\t\t\t\t<div class=\"elementor-widget-container\">\n\t\t\t\t\t<div class=\"elementor-divider\">\n\t\t\t<span class=\"elementor-divider-separator\">\n\t\t\t\t\t\t<\/span>\n\t\t<\/div>\n\t\t\t\t<\/div>\n\t\t\t\t<\/div>\n\t\t\t\t<div class=\"elementor-element elementor-element-fdb1ea2 elementor-widget elementor-widget-text-editor\" data-id=\"fdb1ea2\" data-element_type=\"widget\" data-widget_type=\"text-editor.default\">\n\t\t\t\t<div class=\"elementor-widget-container\">\n\t\t\t\t\t\t\t<p><span style=\"font-weight: 400;\">Na Escola Americana do Recife, os alunos, professores e funcion\u00e1rios podem se beneficiar da integra\u00e7\u00e3o da tecnologia no aprendizado. <\/span><\/p>\n\t\t\t\t\t\t<\/div>\n\t\t\t\t<\/div>\n\t\t\t\t\t<\/div>\n\t\t<\/div>\n\t\t\t\t<div class=\"elementor-column elementor-col-50 elementor-top-column elementor-element elementor-element-724a3be\" data-id=\"724a3be\" data-element_type=\"column\">\n\t\t\t<div class=\"elementor-widget-wrap\">\n\t\t\t\t\t\t\t\t\t<\/div>\n\t\t<\/div>\n\t\t\t\t\t\t\t<\/div>\n\t\t<\/section>\n\t\t\t\t<section class=\"elementor-section elementor-top-section elementor-element elementor-element-721800bc elementor-section-stretched elementor-section-boxed elementor-section-height-default elementor-section-height-default\" data-id=\"721800bc\" data-element_type=\"section\" data-settings=\"{&quot;stretch_section&quot;:&quot;section-stretched&quot;,&quot;jet_parallax_layout_list&quot;:[{&quot;jet_parallax_layout_image&quot;:{&quot;url&quot;:&quot;&quot;,&quot;id&quot;:&quot;&quot;},&quot;_id&quot;:&quot;b293334&quot;,&quot;jet_parallax_layout_image_tablet&quot;:{&quot;url&quot;:&quot;&quot;,&quot;id&quot;:&quot;&quot;},&quot;jet_parallax_layout_image_mobile&quot;:{&quot;url&quot;:&quot;&quot;,&quot;id&quot;:&quot;&quot;},&quot;jet_parallax_layout_speed&quot;:{&quot;unit&quot;:&quot;%&quot;,&quot;size&quot;:50,&quot;sizes&quot;:[]},&quot;jet_parallax_layout_type&quot;:&quot;scroll&quot;,&quot;jet_parallax_layout_direction&quot;:null,&quot;jet_parallax_layout_fx_direction&quot;:null,&quot;jet_parallax_layout_z_index&quot;:&quot;&quot;,&quot;jet_parallax_layout_bg_x&quot;:50,&quot;jet_parallax_layout_bg_x_tablet&quot;:&quot;&quot;,&quot;jet_parallax_layout_bg_x_mobile&quot;:&quot;&quot;,&quot;jet_parallax_layout_bg_y&quot;:50,&quot;jet_parallax_layout_bg_y_tablet&quot;:&quot;&quot;,&quot;jet_parallax_layout_bg_y_mobile&quot;:&quot;&quot;,&quot;jet_parallax_layout_bg_size&quot;:&quot;auto&quot;,&quot;jet_parallax_layout_bg_size_tablet&quot;:&quot;&quot;,&quot;jet_parallax_layout_bg_size_mobile&quot;:&quot;&quot;,&quot;jet_parallax_layout_animation_prop&quot;:&quot;transform&quot;,&quot;jet_parallax_layout_on&quot;:[&quot;desktop&quot;,&quot;tablet&quot;]}]}\">\n\t\t\t\t\t\t<div class=\"elementor-container elementor-column-gap-no\">\n\t\t\t\t\t<div class=\"elementor-column elementor-col-100 elementor-top-column elementor-element elementor-element-36e9ddc5\" data-id=\"36e9ddc5\" data-element_type=\"column\">\n\t\t\t<div class=\"elementor-widget-wrap elementor-element-populated\">\n\t\t\t\t\t\t\t\t<div class=\"elementor-element elementor-element-7b522f74 elementor-widget elementor-widget-text-editor\" data-id=\"7b522f74\" data-element_type=\"widget\" data-widget_type=\"text-editor.default\">\n\t\t\t\t<div class=\"elementor-widget-container\">\n\t\t\t\t\t\t\t<p><span style=\"font-weight: 400;\">Aqui na EAR, temos uma infraestrutra de tecnologia robusta e redundante, capaz de manter servi\u00e7os de rede e internet para professores, alunos e equipe administrativa 24 horas por dia. Para ter um ambiente seguro para nossos alunos, estamos sempre seguindo e revisando os protocolos de seguran\u00e7a de toda a nossa rede.<\/span><\/p>\n<p><span style=\"font-weight: 400;\">Nossos alunos da 6\u00ba ao 8\u00ba ano t\u00eam uma propor\u00e7\u00e3o de 1-1 Chromebook, onde eles usam para suas aulas di\u00e1rias, e nossos alunos do 9\u00ba ao 12\u00ba ano trazem seus pr\u00f3prios dispositivos seguindo as pol\u00edticas de BYOD da escola. <\/span><a href=\"https:\/\/wpsites.agenciakerno.com.br\/ear-site\/learning\/technology\/byod-program\/\" target=\"_blank\" rel=\"noopener\"><span style=\"font-weight: 400;\">(link para a pagina)<\/span><\/a><span style=\"font-weight: 400;\">.<\/span><span style=\"font-weight: 400;\"> <\/span><span style=\"font-weight: 400;\">Os alunos do ensino m\u00e9dio recebem uma variedade de disciplinas eletivas de tecnologia, como Fotojornalismo, Ci\u00eancia da Computa\u00e7\u00e3o, Rob\u00f3tica, Artes Digitais e muito mais. Nossas salas de aula e laborat\u00f3rios est\u00e3o sempre equipados com softwares e equipamentos atualizados, permitindo que nossos alunos estejam sempre atualizados e seguros em um cen\u00e1rio digital global.<\/span><\/p>\n<p><span style=\"font-weight: 400;\">Nossos professores do Ensino Fundamental II e M\u00e9dio recebem treinamento profissional em tecnologia para aprimorar seu ensino e o aprendizado de seus alunos. Os alunos t\u00eam acesso a plataformas online que estimulam sua criatividade, alfabetiza\u00e7\u00e3o, racioc\u00ednio l\u00f3gico e aplica\u00e7\u00f5es em faculdades.<\/span><\/p>\n<p><span style=\"font-weight: 400;\">Ao longo do ano, as divis\u00f5es promovem eventos de sensibiliza\u00e7\u00e3o da cidadania digital. Os pais possuem acesso livre ao departamento de tecnologia (TI) da escola, para receber instru\u00e7\u00f5es e ajuda com todas as plataformas e dispositivos seus filhos utilizam fora do campus. Com isso, a Escola Americana do Recife, torna o uso da tecnologia f\u00e1cil e acess\u00edvel para toda nossa comunidade. <\/span><\/p>\n\t\t\t\t\t\t<\/div>\n\t\t\t\t<\/div>\n\t\t\t\t\t<\/div>\n\t\t<\/div>\n\t\t\t\t\t\t\t<\/div>\n\t\t<\/section>\n\t\t\t\t\t\t\t<\/div>\n\t\t","protected":false},"excerpt":{"rendered":"<p>Powered by Intellect Driven by Values Na Escola Americana do Recife, os alunos, professores e funcion\u00e1rios podem se beneficiar da integra\u00e7\u00e3o da tecnologia no aprendizado. Aqui na EAR, temos uma [&hellip;]<\/p>\n","protected":false},"author":1,"featured_media":0,"parent":6529,"menu_order":0,"comment_status":"closed","ping_status":"closed","template":"elementor_header_footer","meta":{"footnotes":""},"class_list":["post-6528","page","type-page","status-publish","hentry"],"_links":{"self":[{"href":"https:\/\/ear.com.br\/pt-br\/wp-json\/wp\/v2\/pages\/6528","targetHints":{"allow":["GET"]}}],"collection":[{"href":"https:\/\/ear.com.br\/pt-br\/wp-json\/wp\/v2\/pages"}],"about":[{"href":"https:\/\/ear.com.br\/pt-br\/wp-json\/wp\/v2\/types\/page"}],"author":[{"embeddable":true,"href":"https:\/\/ear.com.br\/pt-br\/wp-json\/wp\/v2\/users\/1"}],"replies":[{"embeddable":true,"href":"https:\/\/ear.com.br\/pt-br\/wp-json\/wp\/v2\/comments?post=6528"}],"version-history":[{"count":5,"href":"https:\/\/ear.com.br\/pt-br\/wp-json\/wp\/v2\/pages\/6528\/revisions"}],"predecessor-version":[{"id":20770,"href":"https:\/\/ear.com.br\/pt-br\/wp-json\/wp\/v2\/pages\/6528\/revisions\/20770"}],"up":[{"embeddable":true,"href":"https:\/\/ear.com.br\/pt-br\/wp-json\/wp\/v2\/pages\/6529"}],"wp:attachment":[{"href":"https:\/\/ear.com.br\/pt-br\/wp-json\/wp\/v2\/media?parent=6528"}],"curies":[{"name":"wp","href":"https:\/\/api.w.org\/{rel}","templated":true}]}}